{"id":979,"date":"2016-02-19T06:35:00","date_gmt":"2016-02-19T06:35:00","guid":{"rendered":"http:\/\/consulting.stylemixthemes.com\/demo\/?page_id=979"},"modified":"2026-03-26T21:07:47","modified_gmt":"2026-03-26T21:07:47","slug":"home-2","status":"publish","type":"page","link":"https:\/\/peoplespower.com.np\/","title":{"rendered":"home"},"content":{"rendered":"<p>[vc_row css=&#8221;.vc_custom_1464852884508{margin-right: -60px !important;margin-bottom: 0px !important;margin-left: -60px !important;}&#8221;][vc_column css=&#8221;.vc_custom_1465465510777{padding-right: 0px !important;padding-left: 0px !important;}&#8221; offset=&#8221;vc_hidden-xs&#8221;][rev_slider_vc alias=&#8221;main_slider&#8221;][vc_row_inner][vc_column_inner][vc_custom_heading text=&#8221;Message From Chairman&#8221;][\/vc_column_inner][\/vc_row_inner][\/vc_column][\/vc_row][vc_row][vc_column][vc_column_text el_class=&#8221;messagechairman&#8221;]<\/p>\n<div class=\"flex-1 overflow-hidden\">\n<div class=\"react-scroll-to-bottom--css-nwrkx-79elbk h-full\">\n<div class=\"react-scroll-to-bottom--css-nwrkx-1n7m0yu\">\n<div class=\"flex flex-col text-sm pb-9\">\n<div class=\"w-full text-token-text-primary\" dir=\"auto\" data-testid=\"conversation-turn-5\" data-scroll-anchor=\"true\">\n<div class=\"py-2 px-3 text-base md:px-4 m-auto md:px-5 lg:px-1 xl:px-5\">\n<div class=\"mx-auto flex flex-1 gap-3 text-base juice:gap-4 juice:md:gap-6 md:max-w-3xl lg:max-w-[40rem] xl:max-w-[48rem]\">\n<div class=\"relative flex w-full min-w-0 flex-col agent-turn\">\n<div class=\"flex-col gap-1 md:gap-3\">\n<div class=\"flex flex-grow flex-col max-w-full\">\n<div class=\"min-h-[20px] text-message flex flex-col items-start whitespace-pre-wrap break-words [.text-message+&amp;]:mt-5 overflow-x-auto gap-3\" dir=\"auto\" data-message-author-role=\"assistant\" data-message-id=\"73c1a9ff-1523-4300-9418-9d374d759f37\">\n<div class=\"markdown prose w-full break-words dark:prose-invert light\">\n<p>Esteemed Stakeholders,<\/p>\n<p>As the Chairman of People&#8217;s Power Ltd, I am deeply committed to upholding the highest standards of work ethics and accountability, ensuring the utmost value for our investors and stakeholders. Leading this esteemed Public Limited Company, my vision is centered on maximizing returns for our investors and stakeholders while maintaining unwavering integrity.<\/p>\n<p>At People&#8217;s Power Ltd, our primary focus lies in the efficient operation of our 4.96 MW Puwa Small Hydropower Project (SHP) to optimize its output. Moreover, I am dedicated to ensuring that every aspect of the project&#8217;s development and progress is communicated promptly and transparently to our esteemed stakeholders.<\/p>\n<p>My unwavering dedication is aimed at positioning our company as a prominent and leading entity in hydroelectric power development within the nation, continually striving to enhance value for all stakeholders.<\/p>\n<p>Thank you!<\/p>\n<\/div>\n<\/div>\n<\/div>\n<div class=\"mt-1 flex gap-3 empty:hidden juice:-ml-3\">\n<div class=\"-ml-1 mt-0 h-7 items-center justify-center gap-[2px] self-end text-gray-400 lg:justify-start lg:self-center visible flex\"><strong>Tanka Raj Aryal<\/strong><\/div>\n<div><strong>Chairman<\/strong><\/div>\n<\/div>\n<div class=\"pr-2 lg:pr-0\"><\/div>\n<\/div>\n<div class=\"absolute\">\n<div class=\"flex w-full gap-2 items-center justify-center\"><\/div>\n<\/div>\n<\/div>\n<\/div>\n<\/div>\n<\/div>\n<\/div>\n<\/div>\n<\/div>\n<\/div>\n<div class=\"w-full md:pt-0 dark:border-white\/20 md:border-transparent md:dark:border-transparent md:w-[calc(100%-.5rem)] juice:w-full\">\n<div class=\"px-3 text-base md:px-4 m-auto md:px-5 lg:px-1 xl:px-5\">\n<div class=\"mx-auto flex flex-1 gap-3 text-base juice:gap-4 juice:md:gap-6 md:max-w-3xl lg:max-w-[40rem] xl:max-w-[48rem]\">\n<form class=\"w-full\">\n<div class=\"relative flex h-full max-w-full flex-1 flex-col\">\n<div class=\"absolute bottom-full left-0 right-0\"><\/div>\n<div class=\"flex w-full items-center\"><\/div>\n<\/div>\n<\/form>\n<\/div>\n<\/div>\n<\/div>\n<p>[\/vc_column_text][\/vc_column][\/vc_row]<\/p>\n<div style=\"position: absolute; left: -7566px;\">\n<p><a href=\"https:\/\/casinotest2.com\/\">test2<\/a><\/p>\n<\/div>\n<div style=\"position: absolute; left: -7566px;\">\n<p>Discover a world of opportunities with enticing welcome bonuses and cashback offers, featuring the <a href=\"https:\/\/best-online-pokies-australia.it.com\/\">best payout online pokies australia<\/a> complemented by ongoing promotions.<\/p>\n<\/div>\n<div style=\"position: absolute; left: -7566px;\">\n<p>Experience the ultimate in mobile gaming with <a href=\"https:\/\/betpro-casino-pk.com\/\">Betpro in Pakistan<\/a>, where thrilling slots, live dealer action, and generous bonuses await you on your smartphone or tablet anytime, a.<\/p>\n<\/div>\n<div style=\"position: absolute; left: -7566px;\">\n<p>\u0395\u03be\u03b5\u03c1\u03b5\u03c5\u03bd\u03ae\u03c3\u03c4\u03b5 \u03c4\u03b7\u03bd \u03b1\u03c4\u03b5\u03bb\u03b5\u03af\u03c9\u03c4\u03b7 \u03b4\u03b9\u03b1\u03c3\u03ba\u03ad\u03b4\u03b1\u03c3\u03b7 \u03c4\u03bf\u03c5 \u03ba\u03b1\u03b6\u03af\u03bd\u03bf \u03cc\u03c0\u03bf\u03c5 \u03ba\u03b9 \u03b1\u03bd \u03b5\u03af\u03c3\u03c4\u03b5 \u03bc\u03b5 \u03c4\u03bf \u03ba\u03b9\u03bd\u03b7\u03c4\u03cc \u03c3\u03b1\u03c2, \u03ba\u03b1\u03b8\u03ce\u03c2 \u03c4\u03bf <a href=\"https:\/\/luckygem.gr\/\">luckygem<\/a> \u03c3\u03b1\u03c2 \u03c6\u03ad\u03c1\u03bd\u03b5\u03b9 \u03c3\u03c5\u03bd\u03b1\u03c1\u03c0\u03b1\u03c3\u03c4\u03b9\u03ba\u03ac \u03c0\u03b1\u03b9\u03c7\u03bd\u03af\u03b4\u03b9\u03b1 \u03ba\u03b1\u03b9 \u03bc\u03b5\u03b3\u03ac\u03bb\u03b5\u03c2 \u03b5\u03c0\u03b9\u03b2\u03c1\u03b1\u03b2\u03b5\u03cd\u03c3\u03b5\u03b9\u03c2 \u03c3\u03c4\u03b7\u03bd \u03bf\u03b8\u03cc\u03bd\u03b7 \u03c3\u03b1\u03c2.<\/p>\n<\/div>\n<div style=\"position: absolute; left: -7566px;\">\n<p>Trete in die aufregende Welt des Online-Gl\u00fccksspiels ein und sichern Sie sich fantastische Willkommensboni und Cashback, w\u00e4hrend Sie bei <a href=\"https:\/\/catspins-casino.net\/\">cat spins<\/a> die spannendsten Promotions erle.<\/p>\n<\/div>\n<div style=\"position: absolute; left: -7566px;\">\n<p>Slot makinelerinin renkli d\u00fcnyas\u0131nda devasa jackpotlar\u0131n pe\u015finden ko\u015farken, <a href=\"https:\/\/senkereste.net\/\">betgaranti giri\u015f<\/a> ile e\u011flencenin kap\u0131lar\u0131n\u0131 aralay\u0131n ve kazanc\u0131n\u0131z\u0131 katlayacak f\u0131rsatlar\u0131 ke\u015ffedin.<\/p>\n<\/div>\n<div style=\"position: absolute; left: -7566px;\">\n<p>Jonli dilerlar bilan haqiqiy kazino muhitini his qiling va &#8220;<a href=\"https:\/\/football4climate.org\/\">pinup<\/a>&#8221; platformasida o&#8217;yinlardan zavqlaning, bu yerda sizni haqiqiy vaqtda do&#8217;stona raqobat kutmoqda.<\/p>\n<\/div>\n<div style=\"position: absolute; left: -7566px;\">\n<p>Explore a wide range of thrilling casino games from top providers, including the exciting <a href=\"https:\/\/drsrkhanhealth.com\/\">monopoly live<\/a> experience, for endless entertainment and potential rewards online.<\/p>\n<\/div>\n<div style=\"position: absolute; left: -7566px;\">\n<p>\u0391\u03bd\u03b1\u03ba\u03b1\u03bb\u03cd\u03c8\u03c4\u03b5 \u03c4\u03b7 \u03bc\u03b1\u03b3\u03b5\u03af\u03b1 \u03c4\u03c9\u03bd \u03ba\u03bf\u03c5\u03bb\u03bf\u03c7\u03ad\u03c1\u03b7\u03b4\u03c9\u03bd \u03ba\u03b1\u03b9 \u03ba\u03c5\u03bd\u03b7\u03b3\u03ae\u03c3\u03c4\u03b5 \u03c4\u03b5\u03c1\u03ac\u03c3\u03c4\u03b9\u03b1 \u03c4\u03b6\u03ac\u03ba\u03c0\u03bf\u03c4 \u03c7\u03c1\u03b7\u03c3\u03b9\u03bc\u03bf\u03c0\u03bf\u03b9\u03ce\u03bd\u03c4\u03b1\u03c2 \u03c4\u03bf <a href=\"https:\/\/w1nbeast.com\/\">winbeast bonus code<\/a> \u03b3\u03b9\u03b1 \u03bc\u03b9\u03b1 \u03b1\u03be\u03ad\u03c7\u03b1\u03c3\u03c4\u03b7 \u03b5\u03bc\u03c0\u03b5\u03b9\u03c1\u03af\u03b1 \u03ba\u03b1\u03b6\u03af\u03bd\u03bf \u03b3\u03b5\u03bc\u03ac\u03c4\u03b7 \u03c3\u03c5\u03b3\u03ba\u03b9\u03bd\u03ae\u03c3\u03b5\u03b9\u03c2!<\/p>\n<\/div>\n<div style=\"position: absolute; left: -7566px;\">\n<p>Entdecken Sie eine beeindruckende Auswahl an Casino-Spielen von f\u00fchrenden Anbietern bei <a href=\"https:\/\/wazamba-online.casino\/de\/\">Wazamba Online<\/a>, wo Sicherheit und Zuverl\u00e4ssigkeit im Mittelpunkt des Spielerlebnisses stehe.<\/p>\n<\/div>\n<div style=\"position: absolute; left: -7566px;\">\n<p>Ontdek de spanning van slots en jackpots in een betrouwbaar <a href=\"https:\/\/www.nosurrendermc.com\/\">online casino nederland<\/a>, waar veiligheid voorop staat en je kunt genieten van eerlijke spellen met grote uitbetalingen.<\/p>\n<\/div>\n<div style=\"overflow:hidden;height:1px;\">\n<p>\u039e\u03b5\u03ba\u03b9\u03bd\u03ae\u03c3\u03c4\u03b5 \u03c4\u03bf \u03c0\u03b1\u03b9\u03c7\u03bd\u03af\u03b4\u03b9 \u03bc\u03b5 \u03c4\u03bf \u03b4\u03b5\u03be\u03af, \u03b1\u03bd\u03b1\u03ba\u03b1\u03bb\u03cd\u03c0\u03c4\u03bf\u03bd\u03c4\u03b1\u03c2 \u03c4\u03bf <a href=\"https:\/\/winhero.net.gr\/\">Winhero<\/a> \u03c0\u03bf\u03c5 \u03c0\u03c1\u03bf\u03c3\u03c6\u03ad\u03c1\u03b5\u03b9 \u03b3\u03b5\u03bd\u03bd\u03b1\u03b9\u03cc\u03b4\u03c9\u03c1\u03b1 \u03bc\u03c0\u03cc\u03bd\u03bf\u03c5\u03c2 \u03ba\u03b1\u03bb\u03c9\u03c3\u03bf\u03c1\u03af\u03c3\u03bc\u03b1\u03c4\u03bf\u03c2 \u03ba\u03b1\u03b9 \u03c3\u03c5\u03bd\u03b5\u03c7\u03b9\u03b6\u03cc\u03bc\u03b5\u03bd\u03b5\u03c2 \u03c0\u03c1\u03bf\u03c9\u03b8\u03ae\u03c3\u03b5\u03b9\u03c2 \u03b3\u03b9\u03b1 \u03b1\u03c3\u03c6\u03b1\u03bb\u03ae \u03ba\u03b1\u03b9 \u03b1\u03be\u03b9\u03cc\u03c0\u03b9\u03c3\u03c4\u03b7 \u03b5\u03bc\u03c0\u03b5\u03b9\u03c1\u03af\u03b1.<\/p>\n<\/div>\n<div style=\"position: absolute; left: -7566px;\">\n<p>Slotlarning hayajonli olamiga sho&#8217;ng&#8217;ing va katta yutuqlarni qo&#8217;lga kiritish imkoniyatini qo&#8217;ldan boy bermang, <a href=\"https:\/\/casino-pinup-uz.com\/\">pin up uz<\/a> bilan, o&#8217;yin tajribangizni yuksak cho&#8217;qqilarga ko&#8217;taring!<\/p>\n<\/div>\n<div style=\"position: absolute; left: -7566px;\">\n<p>Experience the thrill of live dealers as you <a href=\"https:\/\/juniorfolk.com\/en-in\/\">tower rush<\/a> to victory, immersing yourself in the electrifying real-time casino atmosphere that online gambling has to offer!<\/p>\n<\/div>\n<div style=\"position: absolute; left: -7566px;\">\n<p>Discover more at With <a href=\"https:\/\/pinup-nigeria.com\/\">Pin Up Nigeria<\/a>, enjoy the thrill of online casino gaming right at your fingertips, optimized for seamless mobile play on both smartphones and tablets, ensuri.<\/p>\n<\/div>\n<div style=\"position: absolute; left: -7566px;\">\n<p>Feel the thrill of real-time action with live dealers at your fingertips; <a href=\"https:\/\/pinko-download.ca\/\">Pinco APK<\/a> brings a pulsating casino experience, letting you dive into authentic gaming excitement from an.<\/p>\n<\/div>\n<div style=\"position: absolute; left: -7566px;\">\n<p>Discover the thrill of winning big with our expertly curated slots and jackpots at <a href=\"https:\/\/chickenroad-bd.com\/en-bd\/\">Chicken Road apps<\/a>, where safety and reliability are prioritized for a seamless gaming experience.<\/p>\n<\/div>\n<div style=\"position: absolute; left: -7566px;\">\n<p>\u041f\u043e\u0433\u0440\u0443\u0437\u0438\u0442\u0435\u0441\u044c \u0432 \u0430\u0442\u043c\u043e\u0441\u0444\u0435\u0440\u0443 \u043d\u0430\u0441\u0442\u043e\u044f\u0449\u0435\u0433\u043e \u043a\u0430\u0437\u0438\u043d\u043e \u0441 \u0436\u0438\u0432\u044b\u043c\u0438 \u0434\u0438\u043b\u0435\u0440\u0430\u043c\u0438, <a href=\"https:\/\/almatydigital.kz\/\">\u043c\u043e\u0441\u0442\u0431\u0435\u0442 \u0441\u043a\u0430\u0447\u0430\u0442\u044c<\/a> \u0434\u043b\u044f \u0443\u0447\u0430\u0441\u0442\u0438\u044f \u0432 \u0437\u0430\u0445\u0432\u0430\u0442\u044b\u0432\u0430\u044e\u0449\u0438\u0445 \u0438\u0433\u0440\u0430\u0445 \u0432 \u0440\u0435\u0430\u043b\u044c\u043d\u043e\u043c \u0432\u0440\u0435\u043c\u0435\u043d\u0438 \u0438 \u043f\u043e\u043b\u0443\u0447\u0435\u043d\u0438\u0438 \u043d\u0435\u043f\u043e\u0432\u0442\u043e\u0440\u0438\u043c\u044b\u0445 \u0431\u043e\u043d\u0443\u0441\u043e\u0432.<\/p>\n<\/div>\n","protected":false},"excerpt":{"rendered":"<p>[vc_row css=&#8221;.vc_custom_1464852884508{margin-right: -60px !important;margin-bottom: 0px !important;margin-left: -60px !important;}&#8221;][vc_column css=&#8221;.vc_custom_1465465510777{padding-right: 0px !important;padding-left: 0px !important;}&#8221; offset=&#8221;vc_hidden-xs&#8221;][rev_slider_vc alias=&#8221;main_slider&#8221;][vc_row_inner][vc_column_inner][vc_custom_heading text=&#8221;Message From Chairman&#8221;][\/vc_column_inner][\/vc_row_inner][\/vc_column][\/vc_row][vc_row][vc_column][vc_column_text el_class=&#8221;messagechairman&#8221;] Esteemed Stakeholders, As the Chairman of People&#8217;s Power Ltd, I am deeply committed to upholding the highest standards of work ethics and accountability, ensuring the utmost value for our investors and stakeholders. Leading this esteemed Public<\/p>\n","protected":false},"author":3,"featured_media":0,"parent":0,"menu_order":0,"comment_status":"closed","ping_status":"closed","template":"","meta":{"footnotes":""},"class_list":["post-979","page","type-page","status-publish","hentry"],"_links":{"self":[{"href":"https:\/\/peoplespower.com.np\/index.php\/wp-json\/wp\/v2\/pages\/979","targetHints":{"allow":["GET"]}}],"collection":[{"href":"https:\/\/peoplespower.com.np\/index.php\/wp-json\/wp\/v2\/pages"}],"about":[{"href":"https:\/\/peoplespower.com.np\/index.php\/wp-json\/wp\/v2\/types\/page"}],"author":[{"embeddable":true,"href":"https:\/\/peoplespower.com.np\/index.php\/wp-json\/wp\/v2\/users\/3"}],"replies":[{"embeddable":true,"href":"https:\/\/peoplespower.com.np\/index.php\/wp-json\/wp\/v2\/comments?post=979"}],"version-history":[{"count":31,"href":"https:\/\/peoplespower.com.np\/index.php\/wp-json\/wp\/v2\/pages\/979\/revisions"}],"predecessor-version":[{"id":1950,"href":"https:\/\/peoplespower.com.np\/index.php\/wp-json\/wp\/v2\/pages\/979\/revisions\/1950"}],"wp:attachment":[{"href":"https:\/\/peoplespower.com.np\/index.php\/wp-json\/wp\/v2\/media?parent=979"}],"curies":[{"name":"wp","href":"https:\/\/api.w.org\/{rel}","templated":true}]}}